{"id":3869,"date":"2025-05-20T16:22:42","date_gmt":"2025-05-20T16:22:42","guid":{"rendered":"https:\/\/skysails-power.com\/airborne-wind-fundamentals\/"},"modified":"2025-07-01T14:02:52","modified_gmt":"2025-07-01T14:02:52","slug":"airborne-wind-fundamentals","status":"publish","type":"page","link":"https:\/\/skysails-power.com\/de\/airborne-wind-fundamentals\/","title":{"rendered":"Airborne Wind"},"content":{"rendered":"\t\t<div data-elementor-type=\"wp-page\" data-elementor-id=\"3869\" class=\"elementor elementor-3869 elementor-464\" data-elementor-post-type=\"page\">\n\t\t\t\t<div class=\"elementor-element elementor-element-47baccf e-flex e-con-boxed e-con e-parent\" data-id=\"47baccf\" data-element_type=\"container\" data-settings=\"{&quot;background_background&quot;:&quot;classic&quot;}\">\n\t\t\t\t\t<div class=\"e-con-inner\">\n\t\t<div class=\"elementor-element elementor-element-7ed6501 e-con-full e-flex e-con e-child\" data-id=\"7ed6501\" data-element_type=\"container\">\n\t\t\t\t<div class=\"elementor-element elementor-element-8b02ff6 elementor-widget elementor-widget-heading\" data-id=\"8b02ff6\" data-element_type=\"widget\" data-widget_type=\"heading.default\">\n\t\t\t\t\t<h1 class=\"elementor-heading-title elementor-size-default\">\nAirborne wind: Neue Energie f\u00fcr <span class=\"gruen\">Resilienz  <\/span>und  <span class=\"gruen\">Unabh\u00e4ngigkeit <\/span><\/h1>\t\t\t\t<\/div>\n\t\t\t\t<div class=\"elementor-element elementor-element-34f9078 elementor-widget elementor-widget-text-editor\" data-id=\"34f9078\" data-element_type=\"widget\" data-widget_type=\"text-editor.default\">\n\t\t\t\t\t\t\t\t\t<p>Die Windkraft der Zukunft liegt in gro\u00dfen H\u00f6hen. SkySails Power erschlie\u00dft den bislang ungenutzten H\u00f6henwind als neue treibende Kraft der Energiewende.<\/p>\t\t\t\t\t\t\t\t<\/div>\n\t\t\t\t<\/div>\n\t\t<div class=\"elementor-element elementor-element-0ad7ef6 e-con-full e-flex e-con e-child\" data-id=\"0ad7ef6\" data-element_type=\"container\">\n\t\t\t\t<div class=\"elementor-element elementor-element-adcfaf2 elementor-widget__width-initial elementor-widget-widescreen__width-initial elementor-widget elementor-widget-image\" data-id=\"adcfaf2\" data-element_type=\"widget\" data-widget_type=\"image.default\">\n\t\t\t\t\t\t\t\t\t\t\t\t\t\t\t<img fetchpriority=\"high\" decoding=\"async\" width=\"800\" height=\"802\" src=\"https:\/\/skysails-power.com\/wp-content\/uploads\/2025\/05\/Airborne_Wind_hero.png.webp\" class=\"attachment-large size-large wp-image-3476\" alt=\"Collage of three images symbolizing airborne wind: a young woman with closed eyes in the wind, a hand reaching up toward a sky with white clouds, and white clouds photographed from above through an airplane window.\" srcset=\"https:\/\/skysails-power.com\/wp-content\/uploads\/2025\/05\/Airborne_Wind_hero.png.webp 863w, https:\/\/skysails-power.com\/wp-content\/uploads\/2025\/05\/Airborne_Wind_hero.png-300x300.webp 300w, https:\/\/skysails-power.com\/wp-content\/uploads\/2025\/05\/Airborne_Wind_hero.png-150x150.webp 150w, https:\/\/skysails-power.com\/wp-content\/uploads\/2025\/05\/Airborne_Wind_hero.png-768x770.webp 768w\" sizes=\"(max-width: 800px) 100vw, 800px\" \/>\t\t\t\t\t\t\t\t\t\t\t\t\t\t\t<\/div>\n\t\t\t\t<\/div>\n\t\t\t\t\t<\/div>\n\t\t\t\t<\/div>\n\t\t<div class=\"elementor-element elementor-element-3d8ec7f e-flex e-con-boxed e-con e-parent\" data-id=\"3d8ec7f\" data-element_type=\"container\" data-settings=\"{&quot;background_background&quot;:&quot;classic&quot;}\">\n\t\t\t\t\t<div class=\"e-con-inner\">\n\t\t\t\t<div class=\"elementor-element elementor-element-8d98f00 elementor-view-default elementor-widget elementor-widget-icon\" data-id=\"8d98f00\" data-element_type=\"widget\" data-widget_type=\"icon.default\">\n\t\t\t\t\t\t\t<div class=\"elementor-icon-wrapper\">\n\t\t\t<div class=\"elementor-icon\">\n\t\t\t<svg xmlns=\"http:\/\/www.w3.org\/2000\/svg\" xmlns:i=\"http:\/\/ns.adobe.com\/AdobeIllustrator\/10.0\/\" id=\"Ebene_1\" viewBox=\"0 0 65 65\"><path d=\"M35.2,25c-.2-6.7-.5-13.2-.7-19.8-.1,0-.2,0-.3,0-.2.2-.4.4-.5.7-4.9,11.4-9.8,22.8-14.6,34.2-.1.3-.2.8,0,1,.2.2.7.2,1,.1,3.5-.8,6.9-1.7,10.4-2.5.3,0,.6-.1,1.1-.2.2,5.5.4,10.9.5,16.3h.2c0-.1.2-.3.3-.5,3.4-8.2,6.9-16.3,10.3-24.5.2-.4.1-1,.8-.8,0,0,0,.8-.1,1.1-3.5,8.3-7,16.6-10.5,25,0,.1,0,.3-.2.4-.3.2-.6.6-.9.6-.3,0-.6-.5-.6-.8-.1-1.5-.1-3.1-.2-4.6-.1-3.4-.2-6.7-.3-10.1,0-.3,0-.6,0-1-2.5.6-5,1.2-7.4,1.8-1.1.3-2.1.5-3.2.8-.7.2-1.3.1-1.7-.4-.4-.5-.3-1.1,0-1.7,4.9-11.5,9.8-23,14.7-34.5.3-.6.6-1.1,1.3-.9.7.1.9.7.9,1.4.2,5.8.4,11.6.6,17.4,0,.3,0,.6,0,1,1.6,0,3.2-.1,4.7-.2,1.9,0,3.8-.2,5.8-.3,1.3,0,1.8.7,1.3,1.9-4.4,10.5-8.8,20.9-13.2,31.4-.5,1.1-.9,2.2-1.4,3.2-.1.3-.4.5-.7.7,0-.3-.1-.7,0-1,1.6-4,3.3-7.9,5-11.9,3.1-7.5,6.3-15,9.4-22.4.5-1.2.4-1.3-.9-1.2-3.4.2-6.8.3-10.1.5-.2,0-.4,0-.7,0Z\" fill=\"#fff\"><\/path><metadata><\/metadata><\/svg>\t\t\t<\/div>\n\t\t<\/div>\n\t\t\t\t\t\t<\/div>\n\t\t<div class=\"elementor-element elementor-element-db4b52d e-con-full e-flex e-con e-child\" data-id=\"db4b52d\" data-element_type=\"container\">\n\t\t\t\t<div class=\"elementor-element elementor-element-360f24c elementor-widget elementor-widget-heading\" data-id=\"360f24c\" data-element_type=\"widget\" data-widget_type=\"heading.default\">\n\t\t\t\t\t<h2 class=\"elementor-heading-title elementor-size-default\">Der Schl\u00fcssel zu 100\u202f% Erneuerbare Energien ist H\u00f6henwind <\/h2>\t\t\t\t<\/div>\n\t\t\t\t<div class=\"elementor-element elementor-element-cd88da4 elementor-widget elementor-widget-text-editor\" data-id=\"cd88da4\" data-element_type=\"widget\" data-widget_type=\"text-editor.default\">\n\t\t\t\t\t\t\t\t\t<p>Die Welt will raus aus der fossilen Abh\u00e4ngigkeit \u2013 und die globale Energiewende z\u00e4hlt zu den gr\u00f6\u00dften Hebeln gegen die Klimakrise. <a href=\"https:\/\/skysails-power.com\/airborne-wind-fundamentals\/wind-power\/\" data-wplink-edit=\"true\">Windenergie<\/a> spielt beim Umstieg auf 100 % Erneuerbare eine zentrale Rolle. In gro\u00dfen H\u00f6hen, wo etablierte Technologien nicht hinkommen, weht eine unersch\u00f6pfliche Ressource: der H\u00f6henwind. Unsere Kite-Systeme machen aus dem bisher kaum erschlossenen H\u00f6henwind saubere Energie \u2013 effizient, flexibel und und nahezu \u00fcberall auf der Welt einsetzbar.<\/p>\t\t\t\t\t\t\t\t<\/div>\n\t\t\t\t<div class=\"elementor-element elementor-element-84952bb elementor-align-left elementor-widget elementor-widget-button\" data-id=\"84952bb\" data-element_type=\"widget\" data-widget_type=\"button.default\">\n\t\t\t\t\t\t\t\t\t\t<a class=\"elementor-button elementor-button-link elementor-size-sm elementor-animation-grow\" href=\"https:\/\/skysails-power.com\/de\/how-power-kites-work\/\">\n\t\t\t\t\t\t<span class=\"elementor-button-content-wrapper\">\n\t\t\t\t\t\t\t\t\t<span class=\"elementor-button-text\">So funktioniert\u2018s <\/span>\n\t\t\t\t\t<\/span>\n\t\t\t\t\t<\/a>\n\t\t\t\t\t\t\t\t<\/div>\n\t\t\t\t<\/div>\n\t\t\t\t\t<\/div>\n\t\t\t\t<\/div>\n\t\t<div class=\"elementor-element elementor-element-82cae7a e-flex e-con-boxed e-con e-parent\" data-id=\"82cae7a\" data-element_type=\"container\">\n\t\t\t\t\t<div class=\"e-con-inner\">\n\t\t\t\t<div class=\"elementor-element elementor-element-78f42e5 elementor-widget elementor-widget-heading\" data-id=\"78f42e5\" data-element_type=\"widget\" data-widget_type=\"heading.default\">\n\t\t\t\t\t<h3 class=\"elementor-heading-title elementor-size-default\">Airborne Windenergie aus der H\u00f6he <span class=\"orange\">mit Power-Kites<\/span><\/h3>\t\t\t\t<\/div>\n\t\t\t\t<div class=\"elementor-element elementor-element-3fb4898 elementor-widget__width-initial elementor-widget elementor-widget-text-editor\" data-id=\"3fb4898\" data-element_type=\"widget\" data-widget_type=\"text-editor.default\">\n\t\t\t\t\t\t\t\t\t<p>Was aussieht wie ein eleganter Flug im Wind, ist in Wahrheit ein fein abgestimmter Energiezyklus: Unsere Kites fliegen in H\u00f6hen von bis zu 750 Metern und nutzen dort den H\u00f6henwind, der f\u00fcr klassische Technologien unerreichbar ist.<\/p><p>Was einst als Kindheitstraum begann, ist heute eine Technologie, die sich nach g\u00e4ngigen Branchenstandards bewiesen hat . Die <a href=\"https:\/\/skysails-power.com\/de\/how-power-kites-work\/\">Kite-Systeme<\/a> sind skalierbar, leicht transportierbar und effizient \u2013 Tag und Nacht.<\/p><p>Vor allem auf Inseln oder in entlegenen Regionen bieten die H\u00f6henwind-Kites eine skalierbare und nachhaltige Alternative \u2013 oder sinnvolle Erg\u00e4nzung \u2013 zu konventionellen Technologien.<\/p><p>Das zeichnet unsere Kite-Systeme <a href=\"https:\/\/skysails-power.com\/de\/systems\/venyo\/\">Venyo<\/a> und <a href=\"https:\/\/skysails-power.com\/de\/systems\/kyo\/\">Kyo<\/a> aus.<\/p>\t\t\t\t\t\t\t\t<\/div>\n\t\t<div class=\"elementor-element elementor-element-9d17b5b e-con-full e-flex e-con e-child\" data-id=\"9d17b5b\" data-element_type=\"container\">\n\t\t\t\t<div class=\"elementor-element elementor-element-2b97451 elementor-widget elementor-widget-image\" data-id=\"2b97451\" data-element_type=\"widget\" data-widget_type=\"image.default\">\n\t\t\t\t\t\t\t\t\t\t\t\t\t\t\t<img decoding=\"async\" width=\"500\" height=\"800\" src=\"https:\/\/skysails-power.com\/wp-content\/uploads\/2025\/05\/airbornewind-sky.jpg.webp\" class=\"attachment-large size-large wp-image-3442\" alt=\"Airborne Wind \u2013 thin white clouds against a blue sky.\" srcset=\"https:\/\/skysails-power.com\/wp-content\/uploads\/2025\/05\/airbornewind-sky.jpg.webp 500w, https:\/\/skysails-power.com\/wp-content\/uploads\/2025\/05\/airbornewind-sky.jpg-188x300.webp 188w\" sizes=\"(max-width: 500px) 100vw, 500px\" \/>\t\t\t\t\t\t\t\t\t\t\t\t\t\t\t<\/div>\n\t\t<div class=\"elementor-element elementor-element-5467e1c e-con-full e-flex e-con e-child\" data-id=\"5467e1c\" data-element_type=\"container\">\n\t\t\t\t<div class=\"elementor-element elementor-element-99cdcbc elementor-widget elementor-widget-heading\" data-id=\"99cdcbc\" data-element_type=\"widget\" data-widget_type=\"heading.default\">\n\t\t\t\t\t<h4 class=\"elementor-heading-title elementor-size-default\">Das macht <span class=\"orange\">Airborne Wind <\/span>als  <span class=\"orange\">Energiequelle  <\/span> attraktiv<\/h4>\t\t\t\t<\/div>\n\t\t\t\t<div class=\"elementor-element elementor-element-7ee5f4d elementor-align-left elementor-icon-list--layout-traditional elementor-list-item-link-full_width elementor-widget elementor-widget-icon-list\" data-id=\"7ee5f4d\" data-element_type=\"widget\" data-widget_type=\"icon-list.default\">\n\t\t\t\t\t\t\t<ul class=\"elementor-icon-list-items\">\n\t\t\t\t\t\t\t<li class=\"elementor-icon-list-item\">\n\t\t\t\t\t\t\t\t\t\t\t<span class=\"elementor-icon-list-icon\">\n\t\t\t\t\t\t\t<svg aria-hidden=\"true\" class=\"e-font-icon-svg e-fas-check\" viewBox=\"0 0 512 512\" xmlns=\"http:\/\/www.w3.org\/2000\/svg\"><path d=\"M173.898 439.404l-166.4-166.4c-9.997-9.997-9.997-26.206 0-36.204l36.203-36.204c9.997-9.998 26.207-9.998 36.204 0L192 312.69 432.095 72.596c9.997-9.997 26.207-9.997 36.204 0l36.203 36.204c9.997 9.997 9.997 26.206 0 36.204l-294.4 294.401c-9.998 9.997-26.207 9.997-36.204-.001z\"><\/path><\/svg>\t\t\t\t\t\t<\/span>\n\t\t\t\t\t\t\t\t\t\t<span class=\"elementor-icon-list-text\">Konstante, starke Windverh\u00e4ltnisse in gro\u00dfen H\u00f6hen <\/span>\n\t\t\t\t\t\t\t\t\t<\/li>\n\t\t\t\t\t\t\t\t<li class=\"elementor-icon-list-item\">\n\t\t\t\t\t\t\t\t\t\t\t<span class=\"elementor-icon-list-icon\">\n\t\t\t\t\t\t\t<svg aria-hidden=\"true\" class=\"e-font-icon-svg e-fas-check\" viewBox=\"0 0 512 512\" xmlns=\"http:\/\/www.w3.org\/2000\/svg\"><path d=\"M173.898 439.404l-166.4-166.4c-9.997-9.997-9.997-26.206 0-36.204l36.203-36.204c9.997-9.998 26.207-9.998 36.204 0L192 312.69 432.095 72.596c9.997-9.997 26.207-9.997 36.204 0l36.203 36.204c9.997 9.997 9.997 26.206 0 36.204l-294.4 294.401c-9.998 9.997-26.207 9.997-36.204-.001z\"><\/path><\/svg>\t\t\t\t\t\t<\/span>\n\t\t\t\t\t\t\t\t\t\t<span class=\"elementor-icon-list-text\">H\u00f6here Volllaststunden pro Fl\u00e4che <\/span>\n\t\t\t\t\t\t\t\t\t<\/li>\n\t\t\t\t\t\t\t\t<li class=\"elementor-icon-list-item\">\n\t\t\t\t\t\t\t\t\t\t\t<span class=\"elementor-icon-list-icon\">\n\t\t\t\t\t\t\t<svg aria-hidden=\"true\" class=\"e-font-icon-svg e-fas-check\" viewBox=\"0 0 512 512\" xmlns=\"http:\/\/www.w3.org\/2000\/svg\"><path d=\"M173.898 439.404l-166.4-166.4c-9.997-9.997-9.997-26.206 0-36.204l36.203-36.204c9.997-9.998 26.207-9.998 36.204 0L192 312.69 432.095 72.596c9.997-9.997 26.207-9.997 36.204 0l36.203 36.204c9.997 9.997 9.997 26.206 0 36.204l-294.4 294.401c-9.998 9.997-26.207 9.997-36.204-.001z\"><\/path><\/svg>\t\t\t\t\t\t<\/span>\n\t\t\t\t\t\t\t\t\t\t<span class=\"elementor-icon-list-text\">Minimaler Fu\u00dfabdruck, keine gro\u00dfen Fundamente <\/span>\n\t\t\t\t\t\t\t\t\t<\/li>\n\t\t\t\t\t\t\t\t<li class=\"elementor-icon-list-item\">\n\t\t\t\t\t\t\t\t\t\t\t<span class=\"elementor-icon-list-icon\">\n\t\t\t\t\t\t\t<svg aria-hidden=\"true\" class=\"e-font-icon-svg e-fas-check\" viewBox=\"0 0 512 512\" xmlns=\"http:\/\/www.w3.org\/2000\/svg\"><path d=\"M173.898 439.404l-166.4-166.4c-9.997-9.997-9.997-26.206 0-36.204l36.203-36.204c9.997-9.998 26.207-9.998 36.204 0L192 312.69 432.095 72.596c9.997-9.997 26.207-9.997 36.204 0l36.203 36.204c9.997 9.997 9.997 26.206 0 36.204l-294.4 294.401c-9.998 9.997-26.207 9.997-36.204-.001z\"><\/path><\/svg>\t\t\t\t\t\t<\/span>\n\t\t\t\t\t\t\t\t\t\t<span class=\"elementor-icon-list-text\">Sturmresistent und mobil einsetzbar <\/span>\n\t\t\t\t\t\t\t\t\t<\/li>\n\t\t\t\t\t\t\t\t<li class=\"elementor-icon-list-item\">\n\t\t\t\t\t\t\t\t\t\t\t<span class=\"elementor-icon-list-icon\">\n\t\t\t\t\t\t\t<svg aria-hidden=\"true\" class=\"e-font-icon-svg e-fas-check\" viewBox=\"0 0 512 512\" xmlns=\"http:\/\/www.w3.org\/2000\/svg\"><path d=\"M173.898 439.404l-166.4-166.4c-9.997-9.997-9.997-26.206 0-36.204l36.203-36.204c9.997-9.998 26.207-9.998 36.204 0L192 312.69 432.095 72.596c9.997-9.997 26.207-9.997 36.204 0l36.203 36.204c9.997 9.997 9.997 26.206 0 36.204l-294.4 294.401c-9.998 9.997-26.207 9.997-36.204-.001z\"><\/path><\/svg>\t\t\t\t\t\t<\/span>\n\t\t\t\t\t\t\t\t\t\t<span class=\"elementor-icon-list-text\">Ideal f\u00fcr Off-grid, Inseln &amp; Industrie <\/span>\n\t\t\t\t\t\t\t\t\t<\/li>\n\t\t\t\t\t\t<\/ul>\n\t\t\t\t\t\t<\/div>\n\t\t\t\t<div class=\"elementor-element elementor-element-c8f1cad elementor-widget elementor-widget-heading\" data-id=\"c8f1cad\" data-element_type=\"widget\" data-widget_type=\"heading.default\">\n\t\t\t\t\t<h4 class=\"elementor-heading-title elementor-size-default\">Wir bringen <span class=\"orange\"> Windenergie   <\/span>   dahin, wo sie gebraucht wird <\/h4>\t\t\t\t<\/div>\n\t\t\t\t<div class=\"elementor-element elementor-element-3e262f9 elementor-widget__width-initial elementor-widget elementor-widget-text-editor\" data-id=\"3e262f9\" data-element_type=\"widget\" data-widget_type=\"text-editor.default\">\n\t\t\t\t\t\t\t\t\t<p>SkySails Power erschlie\u00dft mit Flugwindenergie eine neue Dimension der <a href=\"https:\/\/skysails-power.com\/de\/airborne-wind-fundamentals\/wind-power\/\">Windkraft<\/a> \u2013 effizient, flexibel und bereit f\u00fcr den weltweiten Einsatz. Unsere Technologien bringen saubere Windkraft dorthin, wo sie gebraucht wird. Ob f\u00fcr Inselnetze, Industrieprojekte oder Off-grid-L\u00f6sungen: Wir heben Windkraft auf ein neues Level, wo andere Technologien an ihre Grenzen sto\u00dfen.<\/p><p>Denn echte Ver\u00e4nderung beginnt da, wo wir neue Wege denken.<\/p>\t\t\t\t\t\t\t\t<\/div>\n\t\t\t\t<div class=\"elementor-element elementor-element-12f0258 elementor-align-left elementor-widget elementor-widget-button\" data-id=\"12f0258\" data-element_type=\"widget\" data-widget_type=\"button.default\">\n\t\t\t\t\t\t\t\t\t\t<a class=\"elementor-button elementor-button-link elementor-size-sm elementor-animation-grow\" href=\"https:\/\/skysails-power.com\/de\/airborne-wind-fundamentals\/wind-power\/\">\n\t\t\t\t\t\t<span class=\"elementor-button-content-wrapper\">\n\t\t\t\t\t\t\t\t\t<span class=\"elementor-button-text\">Windkraft <\/span>\n\t\t\t\t\t<\/span>\n\t\t\t\t\t<\/a>\n\t\t\t\t\t\t\t\t<\/div>\n\t\t\t\t<\/div>\n\t\t\t\t<\/div>\n\t\t\t\t\t<\/div>\n\t\t\t\t<\/div>\n\t\t\t\t<\/div>\n\t\t","protected":false},"excerpt":{"rendered":"<p>Airborne wind: Neue Energie f\u00fcr Resilienz und Unabh\u00e4ngigkeit Die Windkraft der Zukunft liegt in gro\u00dfen H\u00f6hen. SkySails Power erschlie\u00dft den bislang ungenutzten H\u00f6henwind als neue treibende Kraft der Energiewende. Der Schl\u00fcssel zu 100\u202f% Erneuerbare Energien ist H\u00f6henwind Die Welt will raus aus der fossilen Abh\u00e4ngigkeit \u2013 und die globale Energiewende z\u00e4hlt zu den gr\u00f6\u00dften Hebeln [&hellip;]<\/p>\n","protected":false},"author":1,"featured_media":0,"parent":0,"menu_order":0,"comment_status":"closed","ping_status":"closed","template":"elementor_header_footer","meta":{"footnotes":""},"class_list":["post-3869","page","type-page","status-publish","hentry"],"_links":{"self":[{"href":"https:\/\/skysails-power.com\/de\/wp-json\/wp\/v2\/pages\/3869","targetHints":{"allow":["GET"]}}],"collection":[{"href":"https:\/\/skysails-power.com\/de\/wp-json\/wp\/v2\/pages"}],"about":[{"href":"https:\/\/skysails-power.com\/de\/wp-json\/wp\/v2\/types\/page"}],"author":[{"embeddable":true,"href":"https:\/\/skysails-power.com\/de\/wp-json\/wp\/v2\/users\/1"}],"replies":[{"embeddable":true,"href":"https:\/\/skysails-power.com\/de\/wp-json\/wp\/v2\/comments?post=3869"}],"version-history":[{"count":0,"href":"https:\/\/skysails-power.com\/de\/wp-json\/wp\/v2\/pages\/3869\/revisions"}],"wp:attachment":[{"href":"https:\/\/skysails-power.com\/de\/wp-json\/wp\/v2\/media?parent=3869"}],"curies":[{"name":"wp","href":"https:\/\/api.w.org\/{rel}","templated":true}]}}