{"id":3986,"date":"2025-05-21T10:28:38","date_gmt":"2025-05-21T10:28:38","guid":{"rendered":"https:\/\/skysails-power.com\/imprint\/"},"modified":"2025-08-01T08:27:15","modified_gmt":"2025-08-01T08:27:15","slug":"imprint","status":"publish","type":"page","link":"https:\/\/skysails-power.com\/de\/imprint\/","title":{"rendered":"Imprint"},"content":{"rendered":"\t\t<div data-elementor-type=\"wp-page\" data-elementor-id=\"3986\" class=\"elementor elementor-3986 elementor-625\" data-elementor-post-type=\"page\">\n\t\t\t\t<div class=\"elementor-element elementor-element-c206488 e-flex e-con-boxed e-con e-parent\" data-id=\"c206488\" data-element_type=\"container\" data-settings=\"{&quot;background_background&quot;:&quot;classic&quot;}\">\n\t\t\t\t\t<div class=\"e-con-inner\">\n\t\t\t\t<div class=\"elementor-element elementor-element-ebe3dc9 elementor-widget elementor-widget-heading\" data-id=\"ebe3dc9\" data-element_type=\"widget\" data-widget_type=\"heading.default\">\n\t\t\t\t\t<h1 class=\"elementor-heading-title elementor-size-default\">Impressum<\/h1>\t\t\t\t<\/div>\n\t\t\t\t\t<\/div>\n\t\t\t\t<\/div>\n\t\t<div class=\"elementor-element elementor-element-c22f3de e-flex e-con-boxed e-con e-parent\" data-id=\"c22f3de\" data-element_type=\"container\">\n\t\t\t\t\t<div class=\"e-con-inner\">\n\t\t\t\t<div class=\"elementor-element elementor-element-00339eb elementor-widget elementor-widget-text-editor\" data-id=\"00339eb\" data-element_type=\"widget\" data-widget_type=\"text-editor.default\">\n\t\t\t\t\t\t\t\t\t<p>SkySails Power GmbH<br \/>Wendenstra\u00dfe 375<br \/>20537 Hamburg<\/p><p>Handelsregister: HRB 137677<br \/>Registergericht: Amtsgericht Hamburg<\/p><p><strong>Gesch\u00e4ftsf\u00fchrer:<\/strong><br \/>Stephan Wrage<\/p><h2>\u00a0<\/h2><h2>Kontakt<\/h2><p>Telefon: +49 (0)40 702 99 0<br \/>E-mail:\u00a0<a style=\"font-family: Bernina, sans-serif; font-size: 20px; font-style: normal; font-weight: 400; text-transform: none; background-color: #ffffff;\" title=\"mailto:power@skysails.de\" href=\"mailto:power@skysails.de\" target=\"_blank\" rel=\"noreferrer noopener\" aria-label=\"Link power@skysails.de\">power@skysails.de<\/a><\/p><h2>\u00a0<\/h2><h2>Umsatzsteuer-ID<\/h2><p>Umsatzsteuer-Identifikationsnummer gem\u00e4\u00df \u00a7 27 a Umsatzsteuergesetz:<br \/>DE301233923<\/p><h2>\u00a0<\/h2><h2>Verantwortlich f\u00fcr den Inhalt<\/h2><p>Mark Hoppe \u2013 SkySails Group GmbH<\/p><h2>\u00a0<\/h2><h2>Verbraucherstreitbeilegung\/Universalschlichtungsstelle<\/h2><p>Wir sind nicht bereit oder verpflichtet, an Streitbeilegungsverfahren vor einer Verbraucherschlichtungsstelle teilzunehmen.<\/p><h3><span style=\"color: #000004; font-family: Bernina, sans-serif; font-size: 20px; font-weight: 400;\">Haftung f\u00fcr Inhalte<\/span><\/h3><p>Als Diensteanbieter sind wir gem\u00e4\u00df \u00a7 7 Abs. 1 TMG f\u00fcr eigene Inhalte auf diesen Seiten nach den allgemeinen Gesetzen verantwortlich. Nach \u00a7\u00a7 8 bis 10 TMG sind wir als Diensteanbieter jedoch nicht verpflichtet, \u00fcbermittelte oder gespeicherte fremde Informationen dauerhaft zu \u00fcberwachen oder nach Umst\u00e4nden zu forschen, die auf eine rechtswidrige T\u00e4tigkeit hinweisen.<\/p><p>Verpflichtungen zur Entfernung oder Sperrung der Nutzung von Informationen nach den allgemeinen Gesetzen bleiben hiervon unber\u00fchrt. Eine diesbez\u00fcgliche Haftung ist jedoch erst ab dem Zeitpunkt der Kenntnis einer konkreten Rechtsverletzung m\u00f6glich. Bei Bekanntwerden entsprechender Rechtsverletzungen entfernen wir diese Inhalte umgehend.<\/p><h3>\u00a0<\/h3><h3>Haftung f\u00fcr Links<\/h3><p>Unser Angebot enth\u00e4lt Links zu externen Websites Dritter, auf deren Inhalte wir keinen Einfluss haben. Deshalb k\u00f6nnen wir f\u00fcr diese fremden Inhalte auch keine Gew\u00e4hr \u00fcbernehmen. F\u00fcr die Inhalte der verlinkten Seiten ist stets der jeweilige Anbieter oder Betreiber der Seiten verantwortlich.<\/p><p>Die verlinkten Seiten wurden zum Zeitpunkt der Verlinkung auf m\u00f6gliche Rechtsverst\u00f6\u00dfe \u00fcberpr\u00fcft. Rechtswidrige Inhalte waren zum Zeitpunkt der Verlinkung nicht erkennbar. Eine permanente inhaltliche Kontrolle der verlinkten Seiten ist jedoch ohne konkrete Anhaltspunkte einer Rechtsverletzung nicht zumutbar. Bei Bekanntwerden von Rechtsverletzungen entfernen wir derartige Links umgehend.<\/p><h3>\u00a0<\/h3><h3>Urheberrecht<\/h3><p>Die durch die Seitenbetreiber erstellten Inhalte und Werke auf diesen Seiten unterliegen dem deutschen Urheberrecht. Die Vervielf\u00e4ltigung, Bearbeitung, Verbreitung und jede Art der Verwertung au\u00dferhalb der Grenzen des Urheberrechtes bed\u00fcrfen der schriftlichen Zustimmung des jeweiligen Autors bzw. Erstellers. Downloads und Kopien dieser Seite sind nur f\u00fcr den privaten, nicht kommerziellen Gebrauch gestattet.<\/p><p>Soweit die Inhalte auf dieser Seite nicht vom Betreiber erstellt wurden, werden die Urheberrechte Dritter beachtet. Inhalte Dritter sind als solche gekennzeichnet. Sollten Sie trotzdem auf eine Urheberrechtsverletzung aufmerksam werden, bitten wir um einen entsprechenden Hinweis. Bei Bekanntwerden von Rechtsverletzungen entfernen wir derartige Inhalte umgehend.<\/p><h4>\u00a0<\/h4><h3>Realisierung der Website<\/h3><p>tpi Media GmbH\u00ae |\u00a0<a href=\"https:\/\/www.webdesignagentur.de\/\" target=\"_blank\" rel=\"noopener\">Webdesign Agentur<\/a>\u00a0&amp;\u00a0<a href=\"https:\/\/www.onlinemarketingagentur.de\/\" target=\"_blank\" rel=\"noopener\">Marketing Agentur<\/a>\u00a0I\u00a0<a href=\"mailto:info@tpi.de\">info(at)<\/a><a href=\"http:\/\/tpi.de\/\" target=\"_blank\" rel=\"noopener\">tpi.de<\/a> I <a href=\"tel:030%20\/%20629%2033%2092%2090\">+40 (0)30 \/ 629 33 92 90<\/a><\/p><h4>\u00a0<\/h4><h3>Branding:<\/h3><div>mattrs GmbH | <a href=\"https:\/\/letsmattr.de\/\" target=\"_blank\" rel=\"noopener\">mattrs Markenagentur<\/a> | <a href=\"mailto:info@letsmattr.de\">info@letsmattr.de<\/a> | <a href=\"tel: +49 (0) 178 2107840\">+49 (0) 178 2107840<\/a><\/div>\t\t\t\t\t\t\t\t<\/div>\n\t\t\t\t\t<\/div>\n\t\t\t\t<\/div>\n\t\t\t\t<\/div>\n\t\t","protected":false},"excerpt":{"rendered":"<p>Impressum SkySails Power GmbHWendenstra\u00dfe 37520537 Hamburg Handelsregister: HRB 137677Registergericht: Amtsgericht Hamburg Gesch\u00e4ftsf\u00fchrer:Stephan Wrage \u00a0 Kontakt Telefon: +49 (0)40 702 99 0E-mail:\u00a0power@skysails.de \u00a0 Umsatzsteuer-ID Umsatzsteuer-Identifikationsnummer gem\u00e4\u00df \u00a7 27 a Umsatzsteuergesetz:DE301233923 \u00a0 Verantwortlich f\u00fcr den Inhalt Mark Hoppe \u2013 SkySails Group GmbH \u00a0 Verbraucherstreitbeilegung\/Universalschlichtungsstelle Wir sind nicht bereit oder verpflichtet, an Streitbeilegungsverfahren vor einer Verbraucherschlichtungsstelle teilzunehmen. Haftung [&hellip;]<\/p>\n","protected":false},"author":1,"featured_media":0,"parent":0,"menu_order":0,"comment_status":"closed","ping_status":"closed","template":"elementor_header_footer","meta":{"footnotes":""},"class_list":["post-3986","page","type-page","status-publish","hentry"],"_links":{"self":[{"href":"https:\/\/skysails-power.com\/de\/wp-json\/wp\/v2\/pages\/3986","targetHints":{"allow":["GET"]}}],"collection":[{"href":"https:\/\/skysails-power.com\/de\/wp-json\/wp\/v2\/pages"}],"about":[{"href":"https:\/\/skysails-power.com\/de\/wp-json\/wp\/v2\/types\/page"}],"author":[{"embeddable":true,"href":"https:\/\/skysails-power.com\/de\/wp-json\/wp\/v2\/users\/1"}],"replies":[{"embeddable":true,"href":"https:\/\/skysails-power.com\/de\/wp-json\/wp\/v2\/comments?post=3986"}],"version-history":[{"count":0,"href":"https:\/\/skysails-power.com\/de\/wp-json\/wp\/v2\/pages\/3986\/revisions"}],"wp:attachment":[{"href":"https:\/\/skysails-power.com\/de\/wp-json\/wp\/v2\/media?parent=3986"}],"curies":[{"name":"wp","href":"https:\/\/api.w.org\/{rel}","templated":true}]}}