{"id":4060,"date":"2025-05-21T10:29:27","date_gmt":"2025-05-21T10:29:27","guid":{"rendered":"https:\/\/skysails-power.com\/data-protection\/"},"modified":"2025-07-28T13:51:13","modified_gmt":"2025-07-28T13:51:13","slug":"data-protection","status":"publish","type":"page","link":"https:\/\/skysails-power.com\/de\/data-protection\/","title":{"rendered":"Data Protection"},"content":{"rendered":"\t\t<div data-elementor-type=\"wp-page\" data-elementor-id=\"4060\" class=\"elementor elementor-4060 elementor-628\" data-elementor-post-type=\"page\">\n\t\t\t\t<div class=\"elementor-element elementor-element-6503f2a e-flex e-con-boxed e-con e-parent\" data-id=\"6503f2a\" data-element_type=\"container\" data-settings=\"{&quot;background_background&quot;:&quot;classic&quot;}\">\n\t\t\t\t\t<div class=\"e-con-inner\">\n\t\t\t\t<div class=\"elementor-element elementor-element-dae57f0 elementor-widget elementor-widget-heading\" data-id=\"dae57f0\" data-element_type=\"widget\" data-widget_type=\"heading.default\">\n\t\t\t\t\t<h1 class=\"elementor-heading-title elementor-size-default\">Datenschutz<\/h1>\t\t\t\t<\/div>\n\t\t\t\t\t<\/div>\n\t\t\t\t<\/div>\n\t\t<div class=\"elementor-element elementor-element-b340947 e-flex e-con-boxed e-con e-parent\" data-id=\"b340947\" data-element_type=\"container\">\n\t\t\t\t\t<div class=\"e-con-inner\">\n\t\t\t\t<div class=\"elementor-element elementor-element-80f6d0c elementor-widget elementor-widget-text-editor\" data-id=\"80f6d0c\" data-element_type=\"widget\" data-widget_type=\"text-editor.default\">\n\t\t\t\t\t\t\t\t\t<h2><\/h2>\n<h2>1. \u00dcberblick zum Datenschutz<\/h2>\n<h3><br><\/h3><h3>Allgemeine Informationen<\/h3>\n<p>Die nachfolgenden Informationen geben Ihnen einen einfachen \u00dcberblick dar\u00fcber, was mit Ihren personenbezogenen Daten passiert, wenn Sie diese Website besuchen. Der Begriff \u201epersonenbezogene Daten\u201c umfasst alle Daten, die zur pers\u00f6nlichen Identifizierung genutzt werden k\u00f6nnen. F\u00fcr detaillierte Informationen zum Thema Datenschutz lesen Sie bitte unsere weiter unten stehende Datenschutzerkl\u00e4rung.<\/p>\n<h3><br><\/h3><h3>Daten\u00aderfassung auf dieser Website<\/h3>\n<h4>Wer ist f\u00fcr die Daten\u00aderfassung auf dieser Website verantwortlich (der \u201eVerantwortliche\u201c)?<\/h4>\n<p>Die Daten auf dieser Website werden vom Betreiber der Website verarbeitet, dessen Kontaktdaten im Abschnitt \u201eInformationen zum Verantwortlichen\u201c dieser Datenschutzerkl\u00e4rung zu finden sind.<\/p>\n<h4><br><\/h4><h4>Wie erfassen wir Ihre Daten?<\/h4>\n<p>Wir erheben Ihre Daten, wenn Sie uns diese aktiv mitteilen, beispielsweise durch die Eingabe in unser Kontaktformular.<\/p>\n<p>Weitere Daten werden automatisch durch unsere IT-Systeme erfasst oder nachdem Sie der Erfassung w\u00e4hrend Ihres Website-Besuchs zugestimmt haben. Dabei handelt es sich vor allem um technische Daten (z. B. Webbrowser, Betriebssystem oder Zugriffszeit). Diese Informationen werden automatisch beim Zugriff auf die Website erfasst.<\/p>\n<h4><br><\/h4><h4>Wof\u00fcr verwenden wir Ihre Daten?<\/h4>\n<p>Ein Teil der Daten wird erhoben, um die fehlerfreie Bereitstellung der Website zu gew\u00e4hrleisten. Andere Daten k\u00f6nnen zur Analyse Ihres Nutzerverhaltens verwendet werden.<\/p>\n<h4><br><\/h4><h4>Welche Rechte haben Sie bez\u00fcglich Ihrer Daten?<\/h4>\n<p>Sie haben jederzeit das Recht, unentgeltlich Auskunft \u00fcber Herkunft, Empf\u00e4nger und Zweck Ihrer gespeicherten personenbezogenen Daten zu erhalten. Au\u00dferdem haben Sie das Recht auf Berichtigung oder L\u00f6schung Ihrer Daten. Haben Sie uns eine Einwilligung zur Datenverarbeitung gegeben, k\u00f6nnen Sie diese jederzeit widerrufen, was alle zuk\u00fcnftigen Datenverarbeitungen betrifft. Weiterhin k\u00f6nnen Sie unter bestimmten Voraussetzungen die Einschr\u00e4nkung der Datenverarbeitung verlangen. Sie haben zudem das Recht, bei einer zust\u00e4ndigen Aufsichtsbeh\u00f6rde Beschwerde einzureichen.<\/p>\n<p>Bei Fragen zum Datenschutz k\u00f6nnen Sie sich jederzeit an uns wenden.<\/p>\n<h3><br><\/h3><h3>Analyse-Tools und Tools von Drittanbietern<\/h3>\n<p>Es kann sein, dass Ihre Surfgewohnheiten statistisch ausgewertet werden, wenn Sie diese Website besuchen. Solche Analysen erfolgen haupts\u00e4chlich mit sogenannten Analyseprogrammen.<\/p>\n<p>Detaillierte Informationen zu diesen Programmen finden Sie in unserer untenstehenden Datenschutzerkl\u00e4rung.<\/p>\n<h2><br><\/h2><h2>2. Hosting und Content Delivery Networks (CDN)<\/h2>\n<h3><br><\/h3><h3>Externes Hosting<\/h3>\n<p>Diese Website wird bei einem externen Dienstanbieter (Hoster) gehostet. Dabei werden personenbezogene Daten auf den Servern des Hosters gespeichert, z. B. IP-Adressen, Kontaktanfragen, Metadaten und Kommunikationsdaten, Vertrags- und Kontaktdaten, Namen, Webseitenzugriffe und weitere Daten, die beim Betrieb der Website entstehen.<\/p>\n<p>Der Hoster wird eingesetzt, um den Vertrag mit potentiellen und bestehenden Kunden zu erf\u00fcllen (Art. 6 Abs. 1 lit. b DSGVO) und im Interesse einer sicheren, schnellen und effizienten Bereitstellung unserer Online-Angebote durch einen professionellen Anbieter (Art. 6 Abs. 1 lit. f DSGVO).<\/p>\n<p>Der Hoster verarbeitet Ihre Daten nur insoweit, wie dies zur Erf\u00fcllung seiner Leistungspflichten erforderlich ist und nach unseren Weisungen erfolgt.<\/p>\n<p>Wir nutzen folgenden Hoster:<\/p>\n<address>\nNeue Medien M\u00fcnnich<br>Hauptstra\u00dfe 68<br>02742 Friedersdorf<br>\n<\/address>\n<h4><br><\/h4><h4>Abschluss eines Vertrages zur Auftragsdatenverarbeitung<\/h4>\n<p>Um eine datenschutzkonforme Verarbeitung zu gew\u00e4hrleisten, haben wir mit unserem Hoster einen Vertrag zur Auftragsdatenverarbeitung abgeschlossen.<\/p>\n<h2><br><\/h2><h2>3. Allgemeine Informationen und Pflichtinformationen<\/h2>\n<h3><br><\/h3><h3>Datenschutz<\/h3>\n<p>Die Betreiber dieser Website nehmen den Schutz Ihrer pers\u00f6nlichen Daten sehr ernst. Daher behandeln wir Ihre personenbezogenen Daten vertraulich und entsprechend der gesetzlichen Datenschutzvorschriften sowie dieser Datenschutzerkl\u00e4rung.<\/p>\n<p>Beim Besuch dieser Website werden verschiedene personenbezogene Daten erhoben. Personenbezogene Daten sind alle Daten, mit denen Sie pers\u00f6nlich identifiziert werden k\u00f6nnen. Diese Datenschutzerkl\u00e4rung erl\u00e4utert, welche Daten wir erheben und wof\u00fcr wir sie verwenden. Au\u00dferdem erkl\u00e4rt sie, wie und zu welchem Zweck die Daten erhoben werden.<\/p>\n<p>Bitte beachten Sie, dass die Daten\u00fcbertragung im Internet (z. B. bei der Kommunikation per E-Mail) Sicherheitsl\u00fccken aufweisen kann. Ein vollst\u00e4ndiger Schutz der Daten vor dem Zugriff durch Dritte ist nicht m\u00f6glich.<\/p>\n<h3><br><\/h3><h3>Informationen zum Verantwortlichen (nach DSGVO \u201eVerantwortlicher\u201c)<\/h3>\n<p>Der Verantwortliche f\u00fcr die Datenverarbeitung auf dieser Website ist:<\/p>\n<address>\nSkySails Power GmbH<br>Stephan Wrage<br>Wendenstra\u00dfe 375<br>20537 Hamburg<br>Telefon: +49 (0)40-702990<br>E-Mail: <a href=\"mailto:contact@skysails.de\">contact@skysails.de<\/a><br>\n<\/address>\n<p>Der Verantwortliche ist die nat\u00fcrliche oder juristische Person, die allein oder gemeinsam mit anderen \u00fcber die Zwecke und Mittel der Verarbeitung von personenbezogenen Daten entscheidet (z. B. Namen, E-Mail-Adressen).<\/p>\n<h3><br><\/h3><h3>Speicherdauer<\/h3>\n<p>Sofern keine speziellere Speicherfrist angegeben ist, verbleiben Ihre personenbezogenen Daten bei uns, bis der Zweck entf\u00e4llt, zu dem sie erhoben wurden. Fordern Sie die L\u00f6schung oder widerrufen Ihre Einwilligung, werden die Daten gel\u00f6scht, sofern keine gesetzlichen Aufbewahrungspflichten (z. B. steuerrechtlich oder handelsrechtlich) dem entgegenstehen. In diesem Fall erfolgt die L\u00f6schung nach Ablauf dieser Fristen.<\/p>\n<h3><br><\/h3><h3>Benennung eines Datenschutzbeauftragten<\/h3>\n<p>Wir haben f\u00fcr unser Unternehmen einen Datenschutzbeauftragten benannt.<\/p>\n<address>\nCord Lange<br>Vater Solution GmbH<br>Boschstra\u00dfe 5<br>24118 Kiel<br>Telefon: +49 431 20084-574<br>E-Mail: <a href=\"mailto:colange@vater-gruppe.de\">colange@vater-gruppe.de<\/a><br>\n<\/address>\n<h3><br><\/h3><h3>Informationen zur Daten\u00fcbertragung in die USA<\/h3>\n<p>Unsere Website nutzt insbesondere Tools von Unternehmen mit Sitz in den USA. Wenn diese Tools aktiv sind, kann Ihre personenbezogene Information auf die US-Server dieser Anbieter \u00fcbertragen werden. Wir weisen darauf hin, dass die USA kein sicheres Drittland im Sinne des EU-Datenschutzrechts sind. US-Unternehmen sind verpflichtet, pers\u00f6nliche Daten an Sicherheitsbeh\u00f6rden herauszugeben, ohne dass Sie als Betroffener rechtlich dagegen vorgehen k\u00f6nnen. Es kann daher nicht ausgeschlossen werden, dass US-Beh\u00f6rden (z. B. Geheimdienste) Ihre Daten zu \u00dcberwachungszwecken dauerhaft verarbeiten, auswerten und speichern. Auf diese Verarbeitung haben wir keinen Einfluss.<\/p>\n<h3><br><\/h3><h3>Widerruf Ihrer Einwilligung zur Datenverarbeitung<\/h3>\n<p>Viele Datenverarbeitungsvorg\u00e4nge sind nur mit Ihrer ausdr\u00fccklichen Einwilligung m\u00f6glich. Sie k\u00f6nnen eine bereits erteilte Einwilligung jederzeit widerrufen. Die Rechtm\u00e4\u00dfigkeit der bis zum Widerruf erfolgten Datenverarbeitung bleibt davon unber\u00fchrt.<\/p>\n<h3><br><\/h3><h3>Widerspruchsrecht gegen die Datenerhebung in besonderen F\u00e4llen und gegen Direktwerbung (Art. 21 DSGVO)<\/h3>\n<p><strong>SOFERN IHRE DATEN AUFGRUND VON ART. 6 ABS. 1 LIT. E ODER F DSGVO VERARBEITET WERDEN, K\u00d6NNEN SIE DER VERARBEITUNG IHRER PERSONENBEZOGENEN DATEN JEDERZEIT AUS GR\u00dcNDEN, DIE SICH AUS IHRER BESONDEREN SITUATION ERGEBEN, WIDERSPRECHEN. DIES GILT AUCH F\u00dcR EIN AUF DIESE BESTIMMUNGEN GEST\u00dcTZTES PROFILING. UM DIE RECHTSGRUNDLAGE DER VERARBEITUNG ZU ERMITTELN, LESEN SIE BITTE DIESE DATENSCHUTZERKL\u00c4RUNG. IM FALLE DES WIDERSPRUCHS VERARBEITEN WIR IHRE DATEN NICHT MEHR, ES SEI DENN, WIR K\u00d6NNEN ZWINGENDE SCHUTZW\u00dcRDIGE GR\u00dcNDE NACHWEISEN, DIE IHRE INTERESSEN, RECHTE UND FREIHEITEN \u00dcBERWIEGEN ODER DIE VERARBEITUNG DIENT DER GELTENDMACHUNG, AUS\u00dcBUNG ODER VERTEIDIGUNG VON RECHTSANSPR\u00dcCHEN (WIDERSPRUCH NACH ART. 21 ABS. 1 DSGVO).<\/strong><\/p>\n<p><strong>WERDEN IHRE PERSONENBEZOGENEN DATEN ZUR DIREKTWERBUNG VERWENDET, K\u00d6NNEN SIE DER VERARBEITUNG JEDERZEIT WIDERSPRECHEN. DIES GILT AUCH F\u00dcR DAS PROFILING, SOWEIT ES MIT SOLCHER DIREKTWERBUNG IN VERBINDUNG STEHT. WENN SIE WIDERSPRECHEN, WERDEN IHRE DATEN F\u00dcR DIE DIREKTWERBUNG NICHT MEHR VERWENDET (WIDERSPRUCH NACH ART. 21 ABS. 2 DSGVO).<\/strong><\/p>\n<h3><br><\/h3><h3>Beschwerderecht bei der zust\u00e4ndigen Aufsichtsbeh\u00f6rde<\/h3>\n<p>Im Falle von Verst\u00f6\u00dfen gegen die DSGVO haben Betroffene das Recht, sich bei einer zust\u00e4ndigen Aufsichtsbeh\u00f6rde zu beschweren, insbesondere in dem Mitgliedsstaat, in dem sie ihren gew\u00f6hnlichen Aufenthalt, Arbeitsplatz oder den Ort des mutma\u00dflichen Versto\u00dfes haben. Das Beschwerderecht besteht unabh\u00e4ngig von anderen Rechtsbehelfen.<\/p>\n<h3><br><\/h3><h3>Recht auf Daten\u00fcbertragbarkeit<\/h3>\n<p>Sie haben das Recht, Daten, die wir auf Grundlage Ihrer Einwilligung oder zur Erf\u00fcllung eines Vertrags automatisiert verarbeiten, in einem g\u00e4ngigen, maschinenlesbaren Format zu erhalten und deren \u00dcbermittlung an einen anderen Verantwortlichen zu verlangen, sofern dies technisch m\u00f6glich ist.<\/p>\n<h3><br><\/h3><h3>SSL- und\/oder TLS-Verschl\u00fcsselung<\/h3>\n<p>Zum Schutz vertraulicher Inhalte, wie z. B. Bestellungen oder Anfragen, die Sie an uns als Websitebetreiber senden, nutzt diese Website eine SSL- oder TLS-Verschl\u00fcsselung. Sie erkennen eine verschl\u00fcsselte Verbindung daran, dass die Adresszeile des Browsers von \u201ehttp:\/\/\u201c auf \u201ehttps:\/\/\u201c wechselt und an dem Schloss-Symbol in der Browserzeile.<\/p>\n<p>Wenn die SSL- bzw. TLS-Verschl\u00fcsselung aktiviert ist, k\u00f6nnen die Daten, die Sie an uns \u00fcbermitteln, nicht von Dritten mitgelesen werden.<\/p>\n<h2><br><\/h2><h2>4. Erfassung von Daten auf dieser Website<\/h2>\n<h3>Cookies<\/h3>\n<p>Unsere Websites und Seiten verwenden sogenannte \u201eCookies\u201c. Cookies sind kleine Textdateien, die Ihrem Ger\u00e4t keinen Schaden zuf\u00fcgen. Sie werden entweder tempor\u00e4r f\u00fcr die Dauer einer Sitzung gespeichert (Session-Cookies) oder dauerhaft auf Ihrem Ger\u00e4t archiviert (permanente Cookies). Session-Cookies werden automatisch gel\u00f6scht, sobald Sie Ihren Besuch beenden. Permanente Cookies bleiben auf Ihrem Ger\u00e4t gespeichert, bis Sie diese aktiv l\u00f6schen oder sie automatisch von Ihrem Webbrowser gel\u00f6scht werden.<\/p>\n<p>In einigen F\u00e4llen kann es vorkommen, dass beim Besuch unserer Seite Cookies von Drittanbietern auf Ihrem Ger\u00e4t gespeichert werden (Third-Party-Cookies). Diese Cookies erm\u00f6glichen es Ihnen oder uns, bestimmte Dienste des Drittanbieters zu nutzen (z.B. Cookies zur Abwicklung von Zahlungsdiensten).<\/p>\n<p>Cookies erf\u00fcllen verschiedene Funktionen. Viele Cookies sind technisch notwendig, da bestimmte Website-Funktionen ohne diese nicht funktionieren w\u00fcrden (z.B. Warenkorb-Funktion oder Videowiedergabe). Der Zweck anderer Cookies kann die Analyse von Nutzerverhalten oder die Anzeige von Werbebotschaften sein.<\/p>\n<p>Cookies, die f\u00fcr die Durchf\u00fchrung elektronischer Kommunikationsvorg\u00e4nge erforderlich sind (erforderliche Cookies) oder zur Bereitstellung bestimmter von Ihnen gew\u00fcnschter Funktionen (funktionale Cookies, z.B. f\u00fcr die Warenkorbfunktion) oder zur Optimierung der Website notwendig sind (z.B. Cookies, die messbare Erkenntnisse \u00fcber die Webnutzung liefern), werden auf Grundlage von Art. 6 Abs. 1 lit. f DSGVO gespeichert, sofern keine andere Rechtsgrundlage genannt wird. Der Websitebetreiber hat ein berechtigtes Interesse an der Speicherung von Cookies zur technisch fehlerfreien und optimierten Bereitstellung seiner Dienste. Falls Ihre Einwilligung zur Speicherung von Cookies eingeholt wurde, erfolgt die Speicherung ausschlie\u00dflich auf Grundlage dieser Einwilligung (Art. 6 Abs. 1 lit. a DSGVO); diese Einwilligung kann jederzeit widerrufen werden.<\/p>\n<p>Sie k\u00f6nnen Ihren Browser so einstellen, dass Sie benachrichtigt werden, sobald Cookies gesetzt werden, und die Annahme von Cookies nur im Einzelfall erlauben. Sie k\u00f6nnen die Annahme von Cookies f\u00fcr bestimmte F\u00e4lle oder generell ausschlie\u00dfen oder das automatische L\u00f6schen der Cookies beim Schlie\u00dfen des Browsers aktivieren. Bei Deaktivierung von Cookies kann die Funktionalit\u00e4t dieser Website eingeschr\u00e4nkt sein.<\/p>\n<p>Sofern Drittanbieter-Cookies eingesetzt werden oder Cookies zu Analysezwecken verwendet werden, werden wir Sie in Verbindung mit dieser Datenschutzerkl\u00e4rung gesondert informieren und ggf. um Ihre Einwilligung bitten.<\/p>\n<h3><br><\/h3><h3>Server-Log-Dateien<\/h3>\n<p>Der Provider dieser Website und ihrer Seiten erhebt und speichert automatisch Informationen in sogenannten Server-Log-Dateien, die Ihr Browser automatisch an uns \u00fcbermittelt. Diese umfassen:<\/p>\n<ul>\n<li>Die Art und Version des verwendeten Browsers<\/li>\n<li>Das verwendete Betriebssystem<\/li>\n<li>Referrer URL<\/li>\n<li>Den Hostnamen des zugreifenden Rechners<\/li>\n<li>Die Uhrzeit der Serveranfrage<\/li>\n<li>Die IP-Adresse<\/li>\n<\/ul>\n<p>Diese Daten werden nicht mit anderen Datenquellen zusammengef\u00fchrt.<\/p>\n<p>Die Datenerfassung erfolgt auf Grundlage von Art. 6 Abs. 1 lit. f DSGVO. Der Websitebetreiber hat ein berechtigtes Interesse an der technisch fehlerfreien Darstellung und der Optimierung seiner Website \u2013 daf\u00fcr m\u00fcssen Server-Log-Dateien erfasst werden.<\/p>\n<h3><br><\/h3><h3>Kontaktformular<\/h3>\n<p>Wenn Sie uns Anfragen \u00fcber unser Kontaktformular senden, werden die darin eingegebenen Daten sowie die Kontaktinformationen gespeichert, um Ihre Anfrage zu bearbeiten und bei R\u00fcckfragen darauf zur\u00fcckzukommen. Ohne Ihre Einwilligung geben wir diese Daten nicht weiter.<\/p>\n<p>Die Verarbeitung erfolgt auf Grundlage von Art. 6 Abs. 1 lit. b DSGVO, wenn Ihre Anfrage im Zusammenhang mit der Erf\u00fcllung eines Vertrags steht oder zur Durchf\u00fchrung vorvertraglicher Ma\u00dfnahmen erforderlich ist. In allen anderen F\u00e4llen beruht die Verarbeitung auf unserem berechtigten Interesse an der effektiven Bearbeitung der Anfragen (Art. 6 Abs. 1 lit. f DSGVO) oder auf Ihrer Einwilligung (Art. 6 Abs. 1 lit. a DSGVO), sofern diese eingeholt wurde.<\/p>\n<p>Die von Ihnen im Kontaktformular eingegebenen Daten verbleiben bei uns, bis Sie uns zur L\u00f6schung auffordern, Ihre Einwilligung zur Speicherung widerrufen oder der Zweck der Datenspeicherung entf\u00e4llt (z.B. nach Abschluss der Bearbeitung Ihrer Anfrage). Gesetzliche Aufbewahrungspflichten bleiben unber\u00fchrt.<\/p>\n<h3><br><\/h3><h3>Anfrage per E-Mail, Telefon oder Fax<\/h3>\n<p>Wenn Sie uns per E-Mail, Telefon oder Fax kontaktieren, werden Ihre Anfrage sowie alle damit verbundenen personenbezogenen Daten (Name, Anfrage) bei uns gespeichert und verarbeitet, um Ihre Anfrage zu bearbeiten. Ohne Ihre Einwilligung geben wir diese Daten nicht weiter.<\/p>\n<p>Die Verarbeitung erfolgt auf Grundlage von Art. 6 Abs. 1 lit. b DSGVO, wenn Ihre Anfrage mit der Erf\u00fcllung eines Vertrags zusammenh\u00e4ngt oder zur Durchf\u00fchrung vorvertraglicher Ma\u00dfnahmen erforderlich ist. In anderen F\u00e4llen erfolgt die Verarbeitung auf Grundlage unseres berechtigten Interesses an der effektiven Bearbeitung der Anfragen (Art. 6 Abs. 1 lit. f DSGVO) oder auf Grundlage Ihrer Einwilligung (Art. 6 Abs. 1 lit. a DSGVO), sofern diese erteilt wurde.<\/p>\n<p>Die Daten aus Ihren Kontaktanfragen verbleiben bei uns, bis Sie die L\u00f6schung verlangen, Ihre Einwilligung widerrufen oder der Zweck der Speicherung entf\u00e4llt (z.B. nach Abschluss Ihrer Anfrage). Gesetzliche Aufbewahrungspflichten bleiben unber\u00fchrt.<\/p>\n<p>Bei Kontaktaufnahme (Kontaktformular oder E-Mail) werden die Nutzerdaten zur Bearbeitung der Kontaktanfrage und deren Abwicklung gem\u00e4\u00df Art. 6 Abs. 1 lit. b DSGVO verarbeitet.<\/p>\n<p>Wir l\u00f6schen Anfragen, wenn diese nicht mehr erforderlich sind. Die Notwendigkeit wird alle zwei Jahre \u00fcberpr\u00fcft; Anfragen von Kunden mit Kundenkonto werden dauerhaft gespeichert und mit den Informationen zum Kundenkonto bei L\u00f6schung ber\u00fccksichtigt. Bei rechtlichen Aufbewahrungspflichten erfolgt die L\u00f6schung nach Ablauf dieser Pflichten (Handelsrecht 6 Jahre, Steuerrecht 10 Jahre).<\/p>\n<h2><br><\/h2><h2>5. Analyse-Tools und Werbung<\/h2>\n<h3>Matomo (fr\u00fcher Piwik)<\/h3>\n<p>Diese Website verwendet den Open-Source-Webanalysedienst Matomo. Matomo nutzt Technologien, die es erm\u00f6glichen, den Nutzer \u00fcber mehrere Seiten hinweg zu erkennen, um das Nutzerverhalten zu analysieren (z.B. Cookies oder Ger\u00e4te-Fingerprinting). Die von Matomo erfassten Informationen \u00fcber die Nutzung dieser Website werden auf unserem Server gespeichert. Vor der Speicherung wird die IP-Adresse anonymisiert.<\/p>\n<p>Durch Matomo k\u00f6nnen wir Daten zur Nutzung unserer Website durch Besucher sammeln und auswerten. So erfahren wir zum Beispiel, wann welche Seitenaufrufe erfolgten und aus welcher Region diese kamen. Zudem erfassen wir verschiedene Logdateien (z.B. IP-Adresse, Referrer, verwendeter Browser und Betriebssystem) und k\u00f6nnen messen, ob bestimmte Aktionen auf der Website durchgef\u00fchrt werden (z.B. Klicks, K\u00e4ufe etc.).<\/p>\n<p>Die Nutzung dieses Analysetools erfolgt auf Grundlage von Art. 6 Abs. 1 lit. f DSGVO. Der Websitebetreiber hat ein berechtigtes Interesse an der Analyse des Nutzerverhaltens, um sein Webangebot und Werbung zu optimieren. Sofern eine entsprechende Einwilligung (z.B. zur Speicherung von Cookies) eingeholt wurde, erfolgt die Verarbeitung ausschlie\u00dflich auf Grundlage von Art. 6 Abs. 1 lit. a DSGVO; die Einwilligung kann jederzeit widerrufen werden.<\/p>\n<h4><br><\/h4><h4>IP-Anonymisierung<\/h4>\n<p>F\u00fcr die Analyse mit Matomo verwenden wir IP-Anonymisierung. Ihre IP-Adresse wird vor der Analyse gek\u00fcrzt, sodass keine eindeutige Zuordnung mehr m\u00f6glich ist.<\/p>\n<h4><br><\/h4><h4>Hosting<\/h4>\n<p>Wir hosten Matomo bei folgendem Drittanbieter:<br>Neue Medien M\u00fcnnich<br>Hauptstra\u00dfe 68<br>02742 Friedersdorf<\/p>\n<h4><br><\/h4><h4>Ausf\u00fchrung eines Auftragsverarbeitungsvertrags<\/h4>\n<p>Wir haben mit diesen Drittanbietern einen Vertrag zur Auftragsverarbeitung abgeschlossen, der garantiert, dass die mit Matomo erhobenen Daten ausschlie\u00dflich nach unseren Weisungen und gem\u00e4\u00df DSGVO verarbeitet werden.<\/p>\n<h2><br><\/h2><h2>6. Newsletter<\/h2>\n<h3><br><\/h3><h3>Newsletter data<\/h3>\n<p>Wenn Sie den auf dieser Website angebotenen Newsletter abonnieren m\u00f6chten, ben\u00f6tigen wir von Ihnen eine E-Mail-Adresse sowie Informationen, mit denen wir \u00fcberpr\u00fcfen k\u00f6nnen, dass Sie der Eigent\u00fcmer der angegebenen E-Mail-Adresse sind, und Ihre Einwilligung zum Erhalt des Newsletters. Weitere Daten werden nicht erhoben oder nur freiwillig angegeben. Wir verwenden diese Daten ausschlie\u00dflich zum Versand der angeforderten Informationen und geben sie nicht an Dritte weiter.<\/p>\n<p>Die Verarbeitung der im Newsletter-Anmeldeformular eingegebenen Daten erfolgt ausschlie\u00dflich auf Grundlage Ihrer Einwilligung (Art. 6 Abs. 1 lit. a DSGVO). Sie k\u00f6nnen Ihre Einwilligung jederzeit widerrufen, z. B. durch Klicken auf den \u201eAbmelden\u201c-Link im Newsletter. Die Rechtm\u00e4\u00dfigkeit der bis zum Widerruf erfolgten Datenverarbeitung bleibt unber\u00fchrt.<\/p>\n<p>Die bei uns f\u00fcr den Zweck des Newsletter-Abonnements gespeicherten Daten werden so lange gespeichert, bis Sie sich vom Newsletter abmelden. Nach der Abmeldung werden die Daten aus der Newsletter-Verteilerliste gel\u00f6scht. Wir behalten uns vor, E-Mail-Adressen aus berechtigtem Interesse (Art. 6 Abs. 1 lit. f DSGVO) zu l\u00f6schen oder zu sperren.<\/p>\n<p>Nach Abmeldung kann Ihre E-Mail-Adresse in einer Sperrliste gespeichert werden, um zuk\u00fcnftige Mailings zu verhindern. Diese Daten werden nur zu diesem Zweck verwendet und nicht mit anderen Daten zusammengef\u00fchrt. Die Speicherung erfolgt unbefristet. <strong>Sie k\u00f6nnen dieser Speicherung widersprechen, wenn Ihre Interessen unser berechtigtes Interesse \u00fcberwiegen.<\/strong><\/p>\n<h3><\/h3>\n<h3><br><\/h3><h3>Rapidmail<\/h3>\n<p>F\u00fcr den Versand der Newsletter nutzen wir Rapidmail. Anbieter ist die rapidmail GmbH, Augustinerplatz 2, 79098 Freiburg i.Br., Deutschland.<\/p>\n<p>Rapidmail erm\u00f6glicht unter anderem die Organisation und Analyse des Newsletter-Versands. Die von Ihnen angegebenen Daten werden auf Servern von Rapidmail in Deutschland gespeichert.<\/p>\n<h4><\/h4>\n<h4><br><\/h4><h4>Datenauswertung durch Rapidmail<\/h4>\n<p>Zu Analysezwecken werden versendete E-Mails mit einem sogenannten \u201eTracking-Pixel\u201c versehen, das sich beim \u00d6ffnen der E-Mail mit den Servern von Rapidmail verbindet. So kann festgestellt werden, ob die E-Mail ge\u00f6ffnet wurde.<\/p>\n<p>Zudem k\u00f6nnen wir nachvollziehen, ob und welche Links im Newsletter angeklickt wurden (Tracking-Links). Wenn Sie dies nicht w\u00fcnschen, m\u00fcssen Sie den Newsletter abbestellen. Einen Abmeldelink finden Sie in jeder Newsletter-Mail sowie auf der Website.<\/p>\n<p>Weitere Informationen zu den Analysefunktionen von Rapidmail finden Sie hier:<br>\n<a href=\"https:\/\/de.rapidmail.wiki\/kategorien\/statistiken\/\" target=\"_blank\" rel=\"noopener noreferrer\">https:\/\/de.rapidmail.wiki\/kategorien\/statistiken\/<\/a>.<\/p>\n<h4><\/h4>\n<h4><br><\/h4><h4>Rechtsgrundlage<\/h4>\n<p>Die Datenverarbeitung erfolgt auf Grundlage Ihrer Einwilligung (Art. 6 Abs. 1 lit. a DSGVO). Diese Einwilligung k\u00f6nnen Sie jederzeit widerrufen, ohne dass die Rechtm\u00e4\u00dfigkeit der bis dahin erfolgten Verarbeitung ber\u00fchrt wird.<\/p>\n<h4><\/h4>\n<h4><br><\/h4><h4>Speicherdauer<\/h4>\n<p>Die Daten werden bis zur Abmeldung vom Newsletter gespeichert und danach gel\u00f6scht. Daten, die f\u00fcr andere Zwecke gespeichert sind, bleiben davon unber\u00fchrt.<\/p>\n<p>Nach Abmeldung kann die E-Mail-Adresse auf einer Sperrliste gespeichert werden (siehe oben).<\/p>\n<p>Details zum Datenschutz von Rapidmail:<br>\n<a href=\"https:\/\/www.rapidmail.de\/datensicherheit\" target=\"_blank\" rel=\"noopener noreferrer\">https:\/\/www.rapidmail.de\/datensicherheit<\/a>.<\/p>\n<h4><\/h4>\n<h4><br><\/h4><h4>Auftragsverarbeitung<\/h4>\n<p>Mit Rapidmail wurde ein Auftragsverarbeitungsvertrag abgeschlossen, der den Schutz der Kundendaten gem\u00e4\u00df DSGVO sicherstellt.<br>\nVertrag einsehbar unter:<br>\n<a href=\"https:\/\/de.rapidmail.wiki\/files\/adv\/muster-auftragsdatenverarbeitung.pdf\" target=\"_blank\" rel=\"noopener noreferrer\">https:\/\/de.rapidmail.wiki\/files\/adv\/muster-auftragsdatenverarbeitung.pdf<\/a>.<\/p>\t\t\t\t\t\t\t\t<\/div>\n\t\t\t\t\t<\/div>\n\t\t\t\t<\/div>\n\t\t\t\t<\/div>\n\t\t","protected":false},"excerpt":{"rendered":"<p>Datenschutz 1. \u00dcberblick zum Datenschutz Allgemeine Informationen Die nachfolgenden Informationen geben Ihnen einen einfachen \u00dcberblick dar\u00fcber, was mit Ihren personenbezogenen Daten passiert, wenn Sie diese Website besuchen. Der Begriff \u201epersonenbezogene Daten\u201c umfasst alle Daten, die zur pers\u00f6nlichen Identifizierung genutzt werden k\u00f6nnen. F\u00fcr detaillierte Informationen zum Thema Datenschutz lesen Sie bitte unsere weiter unten stehende Datenschutzerkl\u00e4rung. [&hellip;]<\/p>\n","protected":false},"author":1,"featured_media":0,"parent":0,"menu_order":0,"comment_status":"closed","ping_status":"closed","template":"elementor_header_footer","meta":{"footnotes":""},"class_list":["post-4060","page","type-page","status-publish","hentry"],"_links":{"self":[{"href":"https:\/\/skysails-power.com\/de\/wp-json\/wp\/v2\/pages\/4060","targetHints":{"allow":["GET"]}}],"collection":[{"href":"https:\/\/skysails-power.com\/de\/wp-json\/wp\/v2\/pages"}],"about":[{"href":"https:\/\/skysails-power.com\/de\/wp-json\/wp\/v2\/types\/page"}],"author":[{"embeddable":true,"href":"https:\/\/skysails-power.com\/de\/wp-json\/wp\/v2\/users\/1"}],"replies":[{"embeddable":true,"href":"https:\/\/skysails-power.com\/de\/wp-json\/wp\/v2\/comments?post=4060"}],"version-history":[{"count":0,"href":"https:\/\/skysails-power.com\/de\/wp-json\/wp\/v2\/pages\/4060\/revisions"}],"wp:attachment":[{"href":"https:\/\/skysails-power.com\/de\/wp-json\/wp\/v2\/media?parent=4060"}],"curies":[{"name":"wp","href":"https:\/\/api.w.org\/{rel}","templated":true}]}}